{"id":6,"date":"2021-12-10T10:30:34","date_gmt":"2021-12-10T09:30:34","guid":{"rendered":"http:\/\/digioffice.fr\/?page_id=6"},"modified":"2021-12-14T17:26:00","modified_gmt":"2021-12-14T16:26:00","slug":"formez-vous-a-des-outils-de-bureautique-en-toute-simplicite","status":"publish","type":"page","link":"https:\/\/digioffice.fr\/","title":{"rendered":"Formez vous \u00e0 des outils de bureautique en toute simplicit\u00e9&#8230;"},"content":{"rendered":"\n<h2 class=\"has-text-align-center has-vivid-cyan-blue-color has-text-color has-large-font-size\">Formations \u00e9ligibles \u00e0 100% au CPF<\/h2>\n\n\n\n<div class=\"wp-block-group alignwide\"><div class=\"wp-block-group__inner-container\">\n<h2 class=\"has-text-align-center\">Toute la formation pour les outils office, de tout niveau  \u00ab\u00a0base, interm\u00e9diaire et perfectionn\u00e9e\u00a0\u00bb.<\/h2>\n<\/div><\/div>\n\n\n\n<div class=\"wp-block-columns alignwide\">\n<div class=\"wp-block-column\">\n<div class=\"wp-block-group\"><div class=\"wp-block-group__inner-container\">\n<p class=\"has-text-align-center has-huge-font-size\"><strong>Word<\/strong><\/p>\n\n\n\n<figure class=\"wp-block-gallery aligncenter columns-1 is-cropped\"><ul class=\"blocks-gallery-grid\"><li class=\"blocks-gallery-item\"><figure><img loading=\"lazy\" width=\"730\" height=\"512\" src=\"http:\/\/digioffice.fr\/wp-content\/uploads\/2021\/12\/Word-4.jpg\" alt=\"\" data-id=\"70\" data-full-url=\"http:\/\/digioffice.fr\/wp-content\/uploads\/2021\/12\/Word-4.jpg\" data-link=\"http:\/\/digioffice.fr\/?attachment_id=70\" class=\"wp-image-70\" srcset=\"https:\/\/digioffice.fr\/wp-content\/uploads\/2021\/12\/Word-4.jpg 730w, https:\/\/digioffice.fr\/wp-content\/uploads\/2021\/12\/Word-4-300x210.jpg 300w\" sizes=\"(max-width: 730px) 100vw, 730px\" \/><\/figure><\/li><\/ul><\/figure>\n<\/div><\/div>\n\n\n\n<div class=\"wp-block-group\"><div class=\"wp-block-group__inner-container\">\n<p class=\"has-text-align-center has-huge-font-size\"><strong>Powerpoint<\/strong><\/p>\n\n\n\n<figure class=\"wp-block-image size-full is-resized\"><img loading=\"lazy\" src=\"http:\/\/digioffice.fr\/wp-content\/uploads\/2021\/12\/kissclipart-power-point-clipart-microsoft-powerpoint-presentat-7406c6a2c77ee361-1.png\" alt=\"\" class=\"wp-image-80\" width=\"604\" height=\"232\" srcset=\"https:\/\/digioffice.fr\/wp-content\/uploads\/2021\/12\/kissclipart-power-point-clipart-microsoft-powerpoint-presentat-7406c6a2c77ee361-1.png 640w, https:\/\/digioffice.fr\/wp-content\/uploads\/2021\/12\/kissclipart-power-point-clipart-microsoft-powerpoint-presentat-7406c6a2c77ee361-1-300x115.png 300w\" sizes=\"(max-width: 604px) 100vw, 604px\" \/><\/figure>\n<\/div><\/div>\n<\/div>\n\n\n\n<div class=\"wp-block-column\">\n<div class=\"wp-block-group\"><div class=\"wp-block-group__inner-container\">\n<p class=\"has-text-align-center has-huge-font-size\"><strong>Excel<\/strong><\/p>\n\n\n\n<figure class=\"wp-block-image size-large is-resized\"><img loading=\"lazy\" src=\"http:\/\/digioffice.fr\/wp-content\/uploads\/2021\/12\/excel_microsoft-1024x576.jpg\" alt=\"\" class=\"wp-image-50\" width=\"550\" height=\"309\" srcset=\"https:\/\/digioffice.fr\/wp-content\/uploads\/2021\/12\/excel_microsoft-1024x576.jpg 1024w, https:\/\/digioffice.fr\/wp-content\/uploads\/2021\/12\/excel_microsoft-300x169.jpg 300w, https:\/\/digioffice.fr\/wp-content\/uploads\/2021\/12\/excel_microsoft-768x432.jpg 768w, https:\/\/digioffice.fr\/wp-content\/uploads\/2021\/12\/excel_microsoft.jpg 1200w\" sizes=\"(max-width: 550px) 100vw, 550px\" \/><\/figure>\n<\/div><\/div>\n\n\n\n<div class=\"wp-block-group\"><div class=\"wp-block-group__inner-container\">\n<p><\/p>\n\n\n\n<p class=\"has-text-align-center has-huge-font-size\"><strong>Outlook<\/strong><\/p>\n\n\n\n<figure class=\"wp-block-gallery columns-1 is-cropped\"><ul class=\"blocks-gallery-grid\"><li class=\"blocks-gallery-item\"><figure><img loading=\"lazy\" width=\"1024\" height=\"576\" src=\"http:\/\/digioffice.fr\/wp-content\/uploads\/2021\/12\/sellsy-outlook-1-1024x576.jpg\" alt=\"\" data-id=\"81\" data-full-url=\"http:\/\/digioffice.fr\/wp-content\/uploads\/2021\/12\/sellsy-outlook-1.jpg\" data-link=\"http:\/\/digioffice.fr\/?attachment_id=81\" class=\"wp-image-81\" srcset=\"https:\/\/digioffice.fr\/wp-content\/uploads\/2021\/12\/sellsy-outlook-1-1024x576.jpg 1024w, https:\/\/digioffice.fr\/wp-content\/uploads\/2021\/12\/sellsy-outlook-1-300x169.jpg 300w, https:\/\/digioffice.fr\/wp-content\/uploads\/2021\/12\/sellsy-outlook-1-768x432.jpg 768w, https:\/\/digioffice.fr\/wp-content\/uploads\/2021\/12\/sellsy-outlook-1.jpg 1200w\" sizes=\"(max-width: 1024px) 100vw, 1024px\" \/><\/figure><\/li><\/ul><\/figure>\n<\/div><\/div>\n<\/div>\n<\/div>\n\n\n\n<div class=\"wp-block-group alignwide\"><div class=\"wp-block-group__inner-container\">\n<h2 class=\"has-text-align-center has-vivid-cyan-blue-color has-text-color\">\u00ab&nbsp;Une plateforme ludique et innovante accessible 24h\/24, 7j\/7.&nbsp;\u00bb<\/h2>\n<\/div><\/div>\n\n\n\n<figure class=\"wp-block-image size-large\"><img loading=\"lazy\" width=\"1024\" height=\"856\" src=\"http:\/\/digioffice.fr\/wp-content\/uploads\/2021\/12\/PDF-ENI-1024x856.png\" alt=\"\" class=\"wp-image-112\" srcset=\"https:\/\/digioffice.fr\/wp-content\/uploads\/2021\/12\/PDF-ENI-1024x856.png 1024w, https:\/\/digioffice.fr\/wp-content\/uploads\/2021\/12\/PDF-ENI-300x251.png 300w, https:\/\/digioffice.fr\/wp-content\/uploads\/2021\/12\/PDF-ENI-768x642.png 768w, https:\/\/digioffice.fr\/wp-content\/uploads\/2021\/12\/PDF-ENI.png 1054w\" sizes=\"(max-width: 1024px) 100vw, 1024px\" \/><\/figure>\n\n\n\n<p><\/p>\n\n\n\n<p><\/p>\n\n\n\n<p><\/p>\n\n\n\n<p class=\"has-text-align-center\">.<\/p>\n\n\n\n<div class=\"wp-block-image\"><figure class=\"aligncenter size-full is-resized\"><img loading=\"lazy\" src=\"http:\/\/digioffice.fr\/wp-content\/uploads\/2021\/12\/Attention-adv.-Logo-1-2585.png\" alt=\"\" class=\"wp-image-91\" width=\"64\" height=\"72\" srcset=\"https:\/\/digioffice.fr\/wp-content\/uploads\/2021\/12\/Attention-adv.-Logo-1-2585.png 859w, https:\/\/digioffice.fr\/wp-content\/uploads\/2021\/12\/Attention-adv.-Logo-1-2585-268x300.png 268w, https:\/\/digioffice.fr\/wp-content\/uploads\/2021\/12\/Attention-adv.-Logo-1-2585-768x858.png 768w\" sizes=\"(max-width: 64px) 100vw, 64px\" \/><\/figure><\/div>\n\n\n\n<p class=\"has-text-align-center\"><strong>Attention! Nous comptons sur votre vigilance!<\/strong><br>Nous vous rappellons d&rsquo;\u00eatre extr\u00eamement vigilant. Pour utiliser votre Compte Personnel de Formation: un seul site officiel <a rel=\"noreferrer noopener\" href=\"https:\/\/www.moncompteformation.gouv.fr\/\" target=\"_blank\">moncompteformation.gouv.fr<\/a>.<br>Ne communiquez JAMAIS vos identifiants (num\u00e9ro de s\u00e9curit\u00e9 sociale ou mot de passe).<br>Vous seul devez avoir acc\u00e8s \u00e0 votre compte. Soyez attentifs aux tentatives d&rsquo;arnaques (sollicitations r\u00e9p\u00e9t\u00e9es, parrainages, offres d&#8217;emploi trompeuses).<\/p>\n\n\n\n<p><\/p>\n\n\n\n<div class=\"wp-block-group alignwide has-background\" style=\"background-color:#ffffff\"><div class=\"wp-block-group__inner-container\">\n<div class=\"wp-block-group\"><div class=\"wp-block-group__inner-container\">\n<h2 class=\"has-text-align-center\"><\/h2>\n\n\n\n<div class=\"wp-block-button aligncenter\"><a class=\"wp-block-button__link\" href=\"http:\/\/digioffice.fr\/?page_id=8\">Contactez nous <\/a><\/div>\n<\/div><\/div>\n<\/div><\/div>\n\n\n\n<p><\/p>\n","protected":false},"excerpt":{"rendered":"<p>Formations \u00e9ligibles \u00e0 100% au CPF Toute la formation pour les outils office, de tout niveau \u00ab\u00a0base, interm\u00e9diaire et perfectionn\u00e9e\u00a0\u00bb. Word Powerpoint Excel Outlook \u00ab&nbsp;Une plateforme ludique et innovante accessible 24h\/24, 7j\/7.&nbsp;\u00bb . Attention! Nous comptons sur votre vigilance!Nous vous rappellons d&rsquo;\u00eatre extr\u00eamement vigilant. Pour utiliser votre Compte Personnel de Formation: un seul site officiel [&hellip;]<\/p>\n","protected":false},"author":1,"featured_media":0,"parent":0,"menu_order":0,"comment_status":"closed","ping_status":"closed","template":"","meta":[],"_links":{"self":[{"href":"https:\/\/digioffice.fr\/index.php?rest_route=\/wp\/v2\/pages\/6"}],"collection":[{"href":"https:\/\/digioffice.fr\/index.php?rest_route=\/wp\/v2\/pages"}],"about":[{"href":"https:\/\/digioffice.fr\/index.php?rest_route=\/wp\/v2\/types\/page"}],"author":[{"embeddable":true,"href":"https:\/\/digioffice.fr\/index.php?rest_route=\/wp\/v2\/users\/1"}],"replies":[{"embeddable":true,"href":"https:\/\/digioffice.fr\/index.php?rest_route=%2Fwp%2Fv2%2Fcomments&post=6"}],"version-history":[{"count":20,"href":"https:\/\/digioffice.fr\/index.php?rest_route=\/wp\/v2\/pages\/6\/revisions"}],"predecessor-version":[{"id":115,"href":"https:\/\/digioffice.fr\/index.php?rest_route=\/wp\/v2\/pages\/6\/revisions\/115"}],"wp:attachment":[{"href":"https:\/\/digioffice.fr\/index.php?rest_route=%2Fwp%2Fv2%2Fmedia&parent=6"}],"curies":[{"name":"wp","href":"https:\/\/api.w.org\/{rel}","templated":true}]}}